{"id":49,"date":"2022-05-12T12:53:38","date_gmt":"2022-05-12T12:53:38","guid":{"rendered":"http:\/\/sw-themes.com\/porto_dummy\/?page_id=49"},"modified":"2024-11-15T11:39:29","modified_gmt":"2024-11-15T10:39:29","slug":"contact","status":"publish","type":"page","link":"https:\/\/inversolar.es\/newsite\/contact\/","title":{"rendered":"Contacta con nosotros"},"content":{"rendered":"<div class=\"wpb-content-wrapper\"><p>[vc_row wrap_container=\u00bbyes\u00bb equal_height=\u00bbyes\u00bb conditional_render=\u00bb%5B%7B%22value_role%22%3A%22administrator%22%7D%5D\u00bb css=\u00bb.vc_custom_1731325229821{background-color: #5f6c77 !important;}\u00bb el_class=\u00bbp-t-xxl p-b-xxl overflow-hidden\u00bb el_id=\u00bbfaq\u00bb css_params=\u00bb\u00bb][vc_column conditional_render=\u00bb%5B%7B%22value_role%22%3A%22administrator%22%7D%5D\u00bb el_class=\u00bbm-t-xxl\u00bb][vc_raw_html css=\u00bb\u00bb el_class=\u00bbposition-absolute svg-2 opacity-2 mb-0 hidden\u00bb css_params=\u00bb\u00bb]JTNDc3ZnJTIwY2xhc3MlM0QlMjJjdXN0b20tc3ZnLWJhY2tncm91bmQtMSUyMHotaW5kZXgtMSUyMGFwcGVhci1hbmltYXRpb24tdmlzaWJsZSUyMiUyMHZlcnNpb24lM0QlMjIxLjElMjIlMjB4bWxucyUzRCUyMmh0dHAlM0ElMkYlMkZ3d3cudzMub3JnJTJGMjAwMCUyRnN2ZyUyMiUyMHhtbG5zJTNBeGxpbmslM0QlMjJodHRwJTNBJTJGJTJGd3d3LnczLm9yZyUyRjE5OTklMkZ4bGluayUyMiUyMHglM0QlMjIwcHglMjIlMjB5JTNEJTIyMHB4JTIyJTIwdmlld0JveCUzRCUyMjAlMjAwJTIwMTkyMCUyMDUzNyUyMiUyMGRhdGEtYXBwZWFyLWFuaW1hdGlvbi1zdmclM0QlMjIxJTIyJTIwc3R5bGUlM0QlMjIlMEElMjAlMjAlMjAlMjB3aWR0aCUzQSUyMDE4MCUyNSUzQiUwQSUyMCUyMCUyMCUyMHBvc2l0aW9uJTNBJTIwYWJzb2x1dGUlM0IlMEElMjAlMjAlMjAlMjB6LWluZGV4JTNBJTIwMCUzQiUwQSUyMCUyMCUyMCUyMGxlZnQlM0ElMjAtODAlMjUlM0IlMEElMjIlM0UlMEElMDklMDklMDklMDklMDklMDklM0NwYXRoJTIwZmlsbCUzRCUyMiUyM0Y0RjRGNCUyMiUyMGQlM0QlMjJNOTY0LjMzJTJDMTg5LjNMMTExMC4wOCUyQzBIMHY1MzdoMTMzOC4zMUw5NzIuOTYlMkMyNTUuN0M5NTIuMjQlMkMyMzkuNzQlMkM5NDguMzglMkMyMTAuMDIlMkM5NjQuMzMlMkMxODkuM3olMjIlM0UlM0MlMkZwYXRoJTNFJTBBJTA5JTA5JTA5JTA5JTA5JTA5JTNDcGF0aCUyMGNsYXNzJTNEJTIyYXBwZWFyLWFuaW1hdGlvbiUyMGFuaW1hdGVkJTIwY3VzdG9tTGluZUFuaW0yJTIwYXBwZWFyLWFuaW1hdGlvbi12aXNpYmxlJTIyJTIwZGF0YS1hcHBlYXItYW5pbWF0aW9uJTNEJTIyY3VzdG9tTGluZUFuaW0yJTIyJTIwZGF0YS1hcHBlYXItYW5pbWF0aW9uLWRlbGF5JTNEJTIyNTAwJTIyJTIwZGF0YS1hcHBlYXItYW5pbWF0aW9uLWR1cmF0aW9uJTNEJTIyNXMlMjIlMjBkYXRhLXBsdWdpbi1vcHRpb25zJTNEJTIyJTdCJTI3YWNjWSUyNyUzQSUyMC00MDAlN0QlMjIlMjBmaWxsJTNEJTIybm9uZSUyMiUyMHN0cm9rZSUzRCUyMnZhciUyOC0tcG9ydG8tcHJpbWFyeS1jb2xvciUyOSUyMiUyMHN0cm9rZS13aWR0aCUzRCUyMjIlMjIlMjBzdHJva2UtbWl0ZXJsaW1pdCUzRCUyMjEwJTIyJTIwZCUzRCUyMk0xODU0LjM1JTJDMTA1LjYzbC00ODUuMzEtMzQwLjg0Yy0xOC4zLTEyLjg1LTQzLjU2LTguNDQtNTYuNDIlMkM5Ljg2TDk3MS43OSUyQzI1OS45NiUwQSUwOSUwOSUwOSUwOSUwOSUwOSUwOWMtMTIuODUlMkMxOC4zLTguNDQlMkM0My41NiUyQzkuODYlMkM1Ni40Mmw0ODUuMzElMkMzNDAuODRjMTguMyUyQzEyLjg1JTJDNDMuNTYlMkM4LjQ0JTJDNTYuNDItOS44NmwzNDAuODQtNDg1LjMxJTBBJTA5JTA5JTA5JTA5JTA5JTA5JTA5QzE4NzcuMDclMkMxNDMuNzQlMkMxODcyLjY1JTJDMTE4LjQ4JTJDMTg1NC4zNSUyQzEwNS42M3olMjIlMjBzdHlsZSUzRCUyMmFuaW1hdGlvbi1kZWxheSUzQSUyMDUwMG1zJTNCJTIyJTNFJTNDJTJGcGF0aCUzRSUwQSUwOSUwOSUwOSUwOSUwOSUzQyUyRnN2ZyUzRQ==[\/vc_raw_html][\/vc_column][vc_column conditional_render=\u00bb%5B%7B%22value_role%22%3A%22administrator%22%7D%5D\u00bb offset=\u00bbvc_col-md-5&#8243; css=\u00bb.vc_custom_1730108626573{margin-top: 2px !important;margin-bottom: 43px !important;}\u00bb el_class=\u00bbcentered\u00bb css_params=\u00bb\u00bb]<div class=\"porto-u-heading mb-3  wpb_custom_019f285353d3f6748f1361c0a936a012 porto-u-2658 \"><div class=\"porto-u-main-heading\"><h2   style=\"color:var(--porto-primary-color);margin-bottom: 10px;\">Estamos aqu\u00ed para lo que necesites<\/h2><\/div><div class=\"porto-u-sub-heading\" style=\"color: #ffffff;\">Prometemos dar soluci\u00f3n a tus dudas, en menos de 24h.<\/div><style>.porto-u-2658.porto-u-heading{text-align:left}<\/style><\/div>[vc_column_text css=\u00bb\u00bb css_params=\u00bb\u00bb]<\/p>\n<div id=\"uiOutputHtml\">\n<p>\u00a1Estamos aqu\u00ed para ayudarte! Cont\u00e1ctanos a trav\u00e9s de nuestro correo electr\u00f3nico y resolveremos tus dudas de inmediato.<\/p>\n<\/div>\n<p>[\/vc_column_text][\/vc_column][vc_column conditional_render=\u00bb%5B%7B%22value_role%22%3A%22administrator%22%7D%5D\u00bb offset=\u00bbvc_col-md-offset-1 vc_col-md-6&#8243; css=\u00bb.vc_custom_1653358831435{margin-bottom: 43px !important;}\u00bb][vc_row_inner el_class=\u00bbno-padding overflow-hidden\u00bb css=\u00bb.vc_custom_1730108752832{padding-top: 1.8rem !important;padding-right: 1.5rem !important;padding-bottom: 1.95rem !important;padding-left: 1.5rem !important;background-color: #ffffff !important;border-radius: 4px !important;}\u00bb css_params=\u00bb\u00bb][vc_column_inner el_class=\u00bbmy-md-4&#8243;]<div class=\"wpb_custom_83d0422f3782a1b390103b5f0866e793 mx-md-2 px-md-4\">\n<div class=\"wpcf7 no-js\" id=\"wpcf7-f1114-o1\" lang=\"en-US\" dir=\"ltr\">\n<div class=\"screen-reader-response\"><p role=\"status\" aria-live=\"polite\" aria-atomic=\"true\"><\/p> <ul><\/ul><\/div>\n<form action=\"\/newsite\/wp-json\/wp\/v2\/pages\/49#wpcf7-f1114-o1\" method=\"post\" class=\"wpcf7-form init\" aria-label=\"Contact form\" novalidate=\"novalidate\" data-status=\"init\">\n<div style=\"display: none;\">\n<input type=\"hidden\" name=\"_wpcf7\" value=\"1114\" \/>\n<input type=\"hidden\" name=\"_wpcf7_version\" value=\"5.9.8\" \/>\n<input type=\"hidden\" name=\"_wpcf7_locale\" value=\"en_US\" \/>\n<input type=\"hidden\" name=\"_wpcf7_unit_tag\" value=\"wpcf7-f1114-o1\" \/>\n<input type=\"hidden\" name=\"_wpcf7_container_post\" value=\"0\" \/>\n<input type=\"hidden\" name=\"_wpcf7_posted_data_hash\" value=\"\" \/>\n<\/div>\n<div class=\"contact-form-success alert alert-success d-none mt-4\">\n    <strong>Success!<\/strong> Hemos recibido tu mensaje, en menos de 24h tendr\u00e1s noticia nuestra!!.\n<\/div>\n<div class=\"contact-form-error alert alert-danger d-none mt-4\">\n    <strong>Error!<\/strong> Ha ocurrido un error al enviar tu mensaje, int\u00e9ntalo de nuevo en unos minutos...\n    <span class=\"mail-error-message text-1 d-block\"><\/span>\n<\/div>\n<div class=\"row\">\n    <div class=\"form-group col-lg-6\">\n        <label class=\"form-label m-b-xs text-2 text-color-dark font-weight-semibold\" for=\"full-name\">Nombre<\/label>\n        <span class=\"wpcf7-form-control-wrap\" data-name=\"full-name\"><input size=\"40\" maxlength=\"400\" class=\"wpcf7-form-control wpcf7-text wpcf7-validates-as-required w-100\" id=\"full-name\" aria-required=\"true\" aria-invalid=\"false\" value=\"\" type=\"text\" name=\"full-name\" \/><\/span>\n    <\/div>\n    <div class=\"form-group col-lg-6\">\n        <label class=\"form-label m-b-xs text-2 text-color-dark font-weight-semibold \" for=\"email-address\">Email<\/label>\n        <span class=\"wpcf7-form-control-wrap\" data-name=\"address\"><input size=\"40\" maxlength=\"400\" class=\"wpcf7-form-control wpcf7-text wpcf7-validates-as-required w-100\" id=\"email-address\" aria-required=\"true\" aria-invalid=\"false\" value=\"\" type=\"text\" name=\"address\" \/><\/span>\n    <\/div>\n<\/div>\n\n<input class=\"wpcf7-form-control wpcf7-submit has-spinner\" type=\"submit\" value=\"Send\" \/><div class=\"wpcf7-response-output\" aria-hidden=\"true\"><\/div>\n<\/form>\n<\/div>\n<\/div>[\/vc_column_inner][\/vc_row_inner][\/vc_column][\/vc_row]<\/p>\n<\/div>","protected":false},"excerpt":{"rendered":"<p>[vc_row wrap_container=\u00bbyes\u00bb equal_height=\u00bbyes\u00bb conditional_render=\u00bb%5B%7B%22value_role%22%3A%22administrator%22%7D%5D\u00bb css=\u00bb.vc_custom_1731325229821{background-color: #5f6c77 !important;}\u00bb el_class=\u00bbp-t-xxl p-b-xxl overflow-hidden\u00bb el_id=\u00bbfaq\u00bb css_params=\u00bb\u00bb][vc_column conditional_render=\u00bb%5B%7B%22value_role%22%3A%22administrator%22%7D%5D\u00bb el_class=\u00bbm-t-xxl\u00bb][vc_raw_html css=\u00bb\u00bb el_class=\u00bbposition-absolute svg-2 opacity-2 mb-0 hidden\u00bb css_params=\u00bb\u00bb]JTNDc3ZnJTIwY2xhc3MlM0QlMjJjdXN0b20tc3ZnLWJhY2tncm91bmQtMSUyMHotaW5kZXgtMSUyMGFwcGVhci1hbmltYXRpb24tdmlzaWJsZSUyMiUyMHZlcnNpb24lM0QlMjIxLjElMjIlMjB4bWxucyUzRCUyMmh0dHAlM0ElMkYlMkZ3d3cudzMub3JnJTJGMjAwMCUyRnN2ZyUyMiUyMHhtbG5zJTNBeGxpbmslM0QlMjJodHRwJTNBJTJGJTJGd3d3LnczLm9yZyUyRjE5OTklMkZ4bGluayUyMiUyMHglM0QlMjIwcHglMjIlMjB5JTNEJTIyMHB4JTIyJTIwdmlld0JveCUzRCUyMjAlMjAwJTIwMTkyMCUyMDUzNyUyMiUyMGRhdGEtYXBwZWFyLWFuaW1hdGlvbi1zdmclM0QlMjIxJTIyJTIwc3R5bGUlM0QlMjIlMEElMjAlMjAlMjAlMjB3aWR0aCUzQSUyMDE4MCUyNSUzQiUwQSUyMCUyMCUyMCUyMHBvc2l0aW9uJTNBJTIwYWJzb2x1dGUlM0IlMEElMjAlMjAlMjAlMjB6LWluZGV4JTNBJTIwMCUzQiUwQSUyMCUyMCUyMCUyMGxlZnQlM0ElMjAtODAlMjUlM0IlMEElMjIlM0UlMEElMDklMDklMDklMDklMDklMDklM0NwYXRoJTIwZmlsbCUzRCUyMiUyM0Y0RjRGNCUyMiUyMGQlM0QlMjJNOTY0LjMzJTJDMTg5LjNMMTExMC4wOCUyQzBIMHY1MzdoMTMzOC4zMUw5NzIuOTYlMkMyNTUuN0M5NTIuMjQlMkMyMzkuNzQlMkM5NDguMzglMkMyMTAuMDIlMkM5NjQuMzMlMkMxODkuM3olMjIlM0UlM0MlMkZwYXRoJTNFJTBBJTA5JTA5JTA5JTA5JTA5JTA5JTNDcGF0aCUyMGNsYXNzJTNEJTIyYXBwZWFyLWFuaW1hdGlvbiUyMGFuaW1hdGVkJTIwY3VzdG9tTGluZUFuaW0yJTIwYXBwZWFyLWFuaW1hdGlvbi12aXNpYmxlJTIyJTIwZGF0YS1hcHBlYXItYW5pbWF0aW9uJTNEJTIyY3VzdG9tTGluZUFuaW0yJTIyJTIwZGF0YS1hcHBlYXItYW5pbWF0aW9uLWRlbGF5JTNEJTIyNTAwJTIyJTIwZGF0YS1hcHBlYXItYW5pbWF0aW9uLWR1cmF0aW9uJTNEJTIyNXMlMjIlMjBkYXRhLXBsdWdpbi1vcHRpb25zJTNEJTIyJTdCJTI3YWNjWSUyNyUzQSUyMC00MDAlN0QlMjIlMjBmaWxsJTNEJTIybm9uZSUyMiUyMHN0cm9rZSUzRCUyMnZhciUyOC0tcG9ydG8tcHJpbWFyeS1jb2xvciUyOSUyMiUyMHN0cm9rZS13aWR0aCUzRCUyMjIlMjIlMjBzdHJva2UtbWl0ZXJsaW1pdCUzRCUyMjEwJTIyJTIwZCUzRCUyMk0xODU0LjM1JTJDMTA1LjYzbC00ODUuMzEtMzQwLjg0Yy0xOC4zLTEyLjg1LTQzLjU2LTguNDQtNTYuNDIlMkM5Ljg2TDk3MS43OSUyQzI1OS45NiUwQSUwOSUwOSUwOSUwOSUwOSUwOSUwOWMtMTIuODUlMkMxOC4zLTguNDQlMkM0My41NiUyQzkuODYlMkM1Ni40Mmw0ODUuMzElMkMzNDAuODRjMTguMyUyQzEyLjg1JTJDNDMuNTYlMkM4LjQ0JTJDNTYuNDItOS44NmwzNDAuODQtNDg1LjMxJTBBJTA5JTA5JTA5JTA5JTA5JTA5JTA5QzE4NzcuMDclMkMxNDMuNzQlMkMxODcyLjY1JTJDMTE4LjQ4JTJDMTg1NC4zNSUyQzEwNS42M3olMjIlMjBzdHlsZSUzRCUyMmFuaW1hdGlvbi1kZWxheSUzQSUyMDUwMG1zJTNCJTIyJTNFJTNDJTJGcGF0aCUzRSUwQSUwOSUwOSUwOSUwOSUwOSUzQyUyRnN2ZyUzRQ==[\/vc_raw_html][\/vc_column][vc_column conditional_render=\u00bb%5B%7B%22value_role%22%3A%22administrator%22%7D%5D\u00bb offset=\u00bbvc_col-md-5&#8243; css=\u00bb.vc_custom_1730108626573{margin-top: 2px !important;margin-bottom: 43px !important;}\u00bb el_class=\u00bbcentered\u00bb css_params=\u00bb\u00bb][vc_column_text css=\u00bb\u00bb css_params=\u00bb\u00bb] \u00a1Estamos aqu\u00ed para ayudarte! Cont\u00e1ctanos a trav\u00e9s de nuestro correo electr\u00f3nico y resolveremos tus dudas de inmediato. [\/vc_column_text][\/vc_column][vc_column conditional_render=\u00bb%5B%7B%22value_role%22%3A%22administrator%22%7D%5D\u00bb offset=\u00bbvc_col-md-offset-1 vc_col-md-6&#8243; css=\u00bb.vc_custom_1653358831435{margin-bottom: 43px [&hellip;]<\/p>\n","protected":false},"author":1,"featured_media":0,"parent":0,"menu_order":0,"comment_status":"closed","ping_status":"closed","template":"","meta":{"footnotes":""},"class_list":["post-49","page","type-page","status-publish","hentry"],"_links":{"self":[{"href":"https:\/\/inversolar.es\/newsite\/wp-json\/wp\/v2\/pages\/49","targetHints":{"allow":["GET"]}}],"collection":[{"href":"https:\/\/inversolar.es\/newsite\/wp-json\/wp\/v2\/pages"}],"about":[{"href":"https:\/\/inversolar.es\/newsite\/wp-json\/wp\/v2\/types\/page"}],"author":[{"embeddable":true,"href":"https:\/\/inversolar.es\/newsite\/wp-json\/wp\/v2\/users\/1"}],"replies":[{"embeddable":true,"href":"https:\/\/inversolar.es\/newsite\/wp-json\/wp\/v2\/comments?post=49"}],"version-history":[{"count":2,"href":"https:\/\/inversolar.es\/newsite\/wp-json\/wp\/v2\/pages\/49\/revisions"}],"predecessor-version":[{"id":3743,"href":"https:\/\/inversolar.es\/newsite\/wp-json\/wp\/v2\/pages\/49\/revisions\/3743"}],"wp:attachment":[{"href":"https:\/\/inversolar.es\/newsite\/wp-json\/wp\/v2\/media?parent=49"}],"curies":[{"name":"wp","href":"https:\/\/api.w.org\/{rel}","templated":true}]}}